{"id":5275,"date":"2014-05-24T13:51:08","date_gmt":"2014-05-24T13:51:08","guid":{"rendered":"http:\/\/wpresidence.net\/?page_id=9"},"modified":"2014-05-24T13:51:08","modified_gmt":"2014-05-24T13:51:08","slug":"nutzungsbedingungen","status":"publish","type":"page","link":"https:\/\/d2snekretnine.projectshield.vip\/en\/nutzungsbedingungen\/","title":{"rendered":"Nutzungsbedingungen"},"content":{"rendered":"<p>Diese Datenschutzrichtlinie regelt die Art und Weise, in der Real Estate WordPress Theme von Benutzern (jeweils ein &#8222;Benutzer&#8220;) der Website (&#8222;Site&#8220;) gesammelte Informationen sammelt, verwendet, pflegt und weitergibt. Diese Datenschutzrichtlinie gilt f\u00fcr die Website und alle Produkte und Dienstleistungen, die von Real Estate WordPress Theme angeboten werden.<\/p>\n<p><b>Pers\u00f6nliche Identifikationsdaten<\/b><\/p>\n<p>Wir k\u00f6nnen personenbezogene Daten von Benutzern auf verschiedene Weise im Zusammenhang mit Aktivit\u00e4ten, Diensten, Funktionen oder Ressourcen sammeln, die wir auf unserer Website zur Verf\u00fcgung stellen. Benutzer k\u00f6nnen unsere Website anonym besuchen. Wir werden personenbezogene Daten von Benutzern nur dann sammeln, wenn sie uns diese Informationen freiwillig \u00fcbermitteln. Benutzer k\u00f6nnen sich jederzeit weigern, personenbezogene Daten anzugeben, mit der Ausnahme, dass sie dadurch m\u00f6glicherweise nicht an bestimmten Aktivit\u00e4ten im Zusammenhang mit der Website teilnehmen k\u00f6nnen.<\/p>\n<p><b>Nicht personenbezogene Identifikationsdaten<\/b><\/p>\n<p>Wir k\u00f6nnen nicht personenbezogene Identifikationsinformationen \u00fcber Benutzer sammeln, wenn diese mit unserer Website interagieren. Zu den nicht personenbezogenen Identifikationsinformationen k\u00f6nnen der Browsername, der Computertyp und technische Informationen zu den Verbindungsmitteln des Benutzers zu unserer Website geh\u00f6ren, z. B. das Betriebssystem und die verwendeten Internetdienstanbieter sowie andere \u00e4hnliche Informationen.<\/p>\n<p><b>Webbrowser-Cookies<\/b><\/p>\n<p>Unsere Website verwendet m\u00f6glicherweise &#8222;Cookies&#8220;, um die Benutzererfahrung zu verbessern. Der Webbrowser des Benutzers legt Cookies auf seiner Festplatte ab, um Aufzeichnungen zu f\u00fchren und manchmal Informationen \u00fcber sie zu verfolgen. Der Benutzer kann festlegen, dass sein Webbrowser Cookies ablehnt oder Sie benachrichtigt, wenn Cookies gesendet werden. Beachten Sie in diesem Fall, dass einige Teile der Website m\u00f6glicherweise nicht ordnungsgem\u00e4\u00df funktionieren.<\/p>\n<p><b>Wie wir Ihre Daten sch\u00fctzen<\/b><\/p>\n<p>Wir ergreifen geeignete Verfahren zur Erfassung, Speicherung und Verarbeitung von Daten sowie Sicherheitsma\u00dfnahmen, um den unbefugten Zugriff, die \u00c4nderung, Offenlegung oder Zerst\u00f6rung Ihrer auf unserer Website gespeicherten pers\u00f6nlichen Daten, Benutzernamen, Passw\u00f6rter, Transaktionsinformationen und Daten zu verhindern.<\/p>\n<p><b>Teilen Sie Ihre pers\u00f6nlichen Daten<\/b><\/p>\n<p>Wir verkaufen, handeln oder vermieten keine pers\u00f6nlichen Identifikationsdaten von Benutzern an Dritte. Wir k\u00f6nnen generische aggregierte demografische Informationen, die nicht mit pers\u00f6nlichen Identifikationsinformationen zu Besuchern und Benutzern verkn\u00fcpft sind, f\u00fcr die oben genannten Zwecke an unsere Gesch\u00e4ftspartner, vertrauensw\u00fcrdigen Partner und Werbetreibenden weitergeben.<\/p>\n<p><b>\u00c4nderungen dieser Datenschutzrichtlinie<\/b><\/p>\n<p>Es liegt im Ermessen von Real Estate WordPress Theme, diese Datenschutzrichtlinie jederzeit zu aktualisieren. Wenn wir dies tun, werden wir das aktualisierte Datum am Ende dieser Seite \u00fcberarbeiten. Wir empfehlen Benutzern, diese Seite regelm\u00e4\u00dfig auf \u00c4nderungen zu \u00fcberpr\u00fcfen, um dar\u00fcber informiert zu bleiben, wie wir zum Schutz der von uns gesammelten pers\u00f6nlichen Daten beitragen. Sie erkennen an und stimmen zu, dass es in Ihrer Verantwortung liegt, diese Datenschutzrichtlinie regelm\u00e4\u00dfig zu \u00fcberpr\u00fcfen und auf \u00c4nderungen aufmerksam zu machen.<\/p>\n<p><b>Ihre Zustimmung zu diesen Bedingungen<\/b><\/p>\n<p>Durch die Nutzung dieser Website erkl\u00e4ren Sie Ihr Einverst\u00e4ndnis mit dieser Richtlinie. Wenn Sie dieser Richtlinie nicht zustimmen, verwenden Sie unsere Website bitte nicht. Ihre fortgesetzte Nutzung der Website nach der Ver\u00f6ffentlichung von \u00c4nderungen an dieser Richtlinie gilt als Ihre Zustimmung zu diesen \u00c4nderungen.<\/p>","protected":false},"excerpt":{"rendered":"<p>Diese Datenschutzrichtlinie regelt die Art und Weise, in der Real Estate WordPress Theme von Benutzern (jeweils ein &#8222;Benutzer&#8220;) der Website (&#8222;Site&#8220;) gesammelte Informationen sammelt, verwendet, pflegt und weitergibt. Diese Datenschutzrichtlinie gilt f\u00fcr die Website und alle Produkte und Dienstleistungen, die von Real Estate WordPress Theme angeboten werden. Pers\u00f6nliche Identifikationsdaten Wir k\u00f6nnen personenbezogene Daten von Benutzern auf verschiedene Weise im Zusammenhang mit Aktivit\u00e4ten, Diensten, Funktionen &#8230;<\/p>","protected":false},"author":1,"featured_media":0,"parent":0,"menu_order":0,"comment_status":"closed","ping_status":"closed","template":"page-templates\/terms_conditions.php","meta":{"inline_featured_image":false,"footnotes":""},"class_list":["post-5275","page","type-page","status-publish","hentry"],"_links":{"self":[{"href":"https:\/\/d2snekretnine.projectshield.vip\/en\/wp-json\/wp\/v2\/pages\/5275","targetHints":{"allow":["GET"]}}],"collection":[{"href":"https:\/\/d2snekretnine.projectshield.vip\/en\/wp-json\/wp\/v2\/pages"}],"about":[{"href":"https:\/\/d2snekretnine.projectshield.vip\/en\/wp-json\/wp\/v2\/types\/page"}],"author":[{"embeddable":true,"href":"https:\/\/d2snekretnine.projectshield.vip\/en\/wp-json\/wp\/v2\/users\/1"}],"replies":[{"embeddable":true,"href":"https:\/\/d2snekretnine.projectshield.vip\/en\/wp-json\/wp\/v2\/comments?post=5275"}],"version-history":[{"count":0,"href":"https:\/\/d2snekretnine.projectshield.vip\/en\/wp-json\/wp\/v2\/pages\/5275\/revisions"}],"wp:attachment":[{"href":"https:\/\/d2snekretnine.projectshield.vip\/en\/wp-json\/wp\/v2\/media?parent=5275"}],"curies":[{"name":"wp","href":"https:\/\/api.w.org\/{rel}","templated":true}]}}